{"id":2441,"date":"2022-04-11T14:09:07","date_gmt":"2022-04-11T14:09:07","guid":{"rendered":"http:\/\/www.walkingmendrisio.ch\/?page_id=2441"},"modified":"2025-04-01T12:12:57","modified_gmt":"2025-04-01T12:12:57","slug":"famiglia","status":"publish","type":"page","link":"https:\/\/www.walkingmendrisio.ch\/?page_id=2441&lang=de","title":{"rendered":"Famiglia"},"content":{"rendered":"<p><strong>GPS Strecke<\/strong><\/p>\n<p><em>Bitte beachten<\/em> &#8211; damit Sie Ihre Position auf der Strecke sehen k\u00f6nnen, muss die Lokalisierung aktiviert sein.<\/p>\n<ul>\n<li><a href=\"https:\/\/s.geo.admin.ch\/wareq3m5h1ki\" target=\"_blank\" rel=\"noopener\"><em>Streckenkarte hier herunterladen<\/em><\/a><\/li>\n<\/ul>\n<hr \/>\n<h4><strong>ALLGEMEINE INFORMATIONEN<br \/>\n<\/strong><\/h4>\n<p><strong>L\u00e4nge<br \/>\n<\/strong>3.6 km<\/p>\n<p><strong>Beschreibung<\/strong><br \/>\nEine einfache Strecke mit geringem H\u00f6henunterschied und deshalb f\u00fcr alle geeignet. Wer mit einem Kinderwagen oder Rollstuhl unterwegs ist, muss beachten, dass oberhalb der Schule Canavee ein kurzer Streckenabschnitt nicht asphaltiert ist. Die Route schl\u00e4ngelt sich durch W\u00e4lder, eine herrliche Landschaft und den Stadtkern von Mendrisio zwischen der Villa Foresta und dem Corso Bello mit der Passage unter dem Spital.<\/p>\n<p><strong>Merkmale<\/strong><br \/>\nEinfache Strecke, die f\u00fcr alle zug\u00e4nglich ist (auch f\u00fcr Kinderwagen und Rollst\u00fchle).<\/p>\n<p><strong>Kategorien<br \/>\n<\/strong>Walking, Nordic Walking und Walk &amp; Dog<br \/>\n<em>Alle Kategorien sind nicht leistungsorientiert.<\/em><\/p>\n<p><strong>Startgeld und Anmeldeschluss<\/strong><\/p>\n<ul>\n<li><strong><a href=\"http:\/\/www.walkingmendrisio.ch\/?page_id=447&amp;lang=de\">mehr dazu<\/a><\/strong><\/li>\n<\/ul>\n<hr \/>\n<h4><strong>ANMELDUNGEN<\/strong><\/h4>\n<p><strong>Wie anmelden<\/strong><\/p>\n<ul>\n<li><strong><a href=\"https:\/\/www.walkingmendrisio.ch\/?page_id=450&amp;lang=de\">mehr dazu<\/a><\/strong><\/li>\n<\/ul>\n<p><strong>Wettkampfpaket<\/strong><\/p>\n<ul>\n<li><strong><a href=\"https:\/\/www.walkingmendrisio.ch\/?page_id=466&amp;lang=de\">mehr dazu<\/a><\/strong><\/li>\n<\/ul>\n<hr \/>\n<h4><strong>STRECKE UND DETAILS<\/strong><\/h4>\n<p><strong>Start<br \/>\n<\/strong>Um 10.30 Uhr, Veranstaltungszentrum Mercato Coperto (Mendrisio)<\/p>\n<p><strong>Mittlere Gehzeit<br \/>\n<\/strong>55 Minuten<\/p>\n<p><strong>Streckenkarte<br \/>\n<\/strong><strong><img loading=\"lazy\" decoding=\"async\" class=\"alignleft size-full wp-image-3789\" src=\"http:\/\/www.walkingmendrisio.ch\/wp-content\/uploads\/2025\/01\/Famiglia-1.jpg\" alt=\"\" width=\"1080\" height=\"900\" srcset=\"https:\/\/www.walkingmendrisio.ch\/wp-content\/uploads\/2025\/01\/Famiglia-1.jpg 1080w, https:\/\/www.walkingmendrisio.ch\/wp-content\/uploads\/2025\/01\/Famiglia-1-300x250.jpg 300w, https:\/\/www.walkingmendrisio.ch\/wp-content\/uploads\/2025\/01\/Famiglia-1-1024x853.jpg 1024w, https:\/\/www.walkingmendrisio.ch\/wp-content\/uploads\/2025\/01\/Famiglia-1-768x640.jpg 768w, https:\/\/www.walkingmendrisio.ch\/wp-content\/uploads\/2025\/01\/Famiglia-1-520x433.jpg 520w, https:\/\/www.walkingmendrisio.ch\/wp-content\/uploads\/2025\/01\/Famiglia-1-740x617.jpg 740w\" sizes=\"(max-width: 1080px) 100vw, 1080px\" \/><\/strong><\/p>\n","protected":false},"excerpt":{"rendered":"<p><a class=\"read-more\" href=\"https:\/\/www.walkingmendrisio.ch\/?page_id=2441&#038;lang=de\">+ Info<\/a><\/p>\n","protected":false},"author":2,"featured_media":0,"parent":0,"menu_order":0,"comment_status":"closed","ping_status":"closed","template":"","meta":{"footnotes":""},"_links":{"self":[{"href":"https:\/\/www.walkingmendrisio.ch\/index.php?rest_route=\/wp\/v2\/pages\/2441"}],"collection":[{"href":"https:\/\/www.walkingmendrisio.ch\/index.php?rest_route=\/wp\/v2\/pages"}],"about":[{"href":"https:\/\/www.walkingmendrisio.ch\/index.php?rest_route=\/wp\/v2\/types\/page"}],"author":[{"embeddable":true,"href":"https:\/\/www.walkingmendrisio.ch\/index.php?rest_route=\/wp\/v2\/users\/2"}],"replies":[{"embeddable":true,"href":"https:\/\/www.walkingmendrisio.ch\/index.php?rest_route=%2Fwp%2Fv2%2Fcomments&post=2441"}],"version-history":[{"count":34,"href":"https:\/\/www.walkingmendrisio.ch\/index.php?rest_route=\/wp\/v2\/pages\/2441\/revisions"}],"predecessor-version":[{"id":3817,"href":"https:\/\/www.walkingmendrisio.ch\/index.php?rest_route=\/wp\/v2\/pages\/2441\/revisions\/3817"}],"wp:attachment":[{"href":"https:\/\/www.walkingmendrisio.ch\/index.php?rest_route=%2Fwp%2Fv2%2Fmedia&parent=2441"}],"curies":[{"name":"wp","href":"https:\/\/api.w.org\/{rel}","templated":true}]}}