{"id":2452,"date":"2022-04-11T15:07:35","date_gmt":"2022-04-11T15:07:35","guid":{"rendered":"http:\/\/www.walkingmendrisio.ch\/?page_id=2452"},"modified":"2025-04-01T12:15:04","modified_gmt":"2025-04-01T12:15:04","slug":"meride-2","status":"publish","type":"page","link":"https:\/\/www.walkingmendrisio.ch\/?page_id=2452&lang=de","title":{"rendered":"Salorino"},"content":{"rendered":"<p><strong>GPS Strecke<\/strong><\/p>\n<p><em>Bitte beachten \u2013<\/em> damit Sie Ihre Position auf der Strecke sehen k\u00f6nnen, muss die Lokalisierung aktiviert sein.<\/p>\n<ul>\n<li><a href=\"https:\/\/s.geo.admin.ch\/4f4oy7h1dsmr\" target=\"_blank\" rel=\"noopener\"><em>Streckenkarte hier herunterladen<\/em><\/a><\/li>\n<\/ul>\n<hr \/>\n<h4><strong>ALLGEMEINE INFORMATIONEN<\/strong><\/h4>\n<p><strong>L\u00e4nge<br \/>\n<\/strong>12.1 km<\/p>\n<p><strong>Beschreibung<br \/>\n<\/strong>Eine 12.1 km lange Strecke mit einem totalen Anstieg von 484m. Entdecken Sie die Sch\u00f6nheit von Corteglia, Castel S. Pietro, Obino, Salorino und Somazzo und geniessen Sie die Aussicht. Die Strecke schl\u00e4ngelt sich durch W\u00e4lder, Wiesen, Weinberge und typische Tessiner Dorfkerne.<\/p>\n<p><strong>Merkmale<br \/>\n<\/strong>Eine Strecke f\u00fcr trainierte Walker in einer einzigartigen Landschaft.<\/p>\n<p><strong>Kategorien<br \/>\n<\/strong>Walking, Nordic Walking und Walk&amp;Dog<br \/>\n<em>Alle Kategorien sind nicht leistungsorientiert.<\/em><\/p>\n<p><strong>Startgeld und Anmeldeschluss<br \/>\n<\/strong><\/p>\n<ul>\n<li><strong><a href=\"https:\/\/www.walkingmendrisio.ch\/?page_id=447&amp;lang=de\">mehr dazu<\/a><\/strong><\/li>\n<\/ul>\n<hr \/>\n<h4><strong>ANMELDUNGEN<\/strong><\/h4>\n<p><strong>Wie anmelden<\/strong><\/p>\n<ul>\n<li><a href=\"https:\/\/www.walkingmendrisio.ch\/?page_id=450&amp;lang=de\"><strong>mehr dazu<\/strong><\/a><\/li>\n<\/ul>\n<p><strong>Wettkampfpaket<\/strong><\/p>\n<ul>\n<li><a href=\"https:\/\/www.walkingmendrisio.ch\/?page_id=466&amp;lang=de\"><strong>mehr dazu<\/strong><\/a><\/li>\n<\/ul>\n<hr \/>\n<h4><strong>STRECKE UND DETAILS<\/strong><\/h4>\n<p><strong>Startzeit<br \/>\n<\/strong>Um 9.00 Uhr, beim Veranstaltungszentrum Mercato Coperto (Mendrisio)<\/p>\n<p><strong>Mittlere Gehzeit<br \/>\n<\/strong>3 Stunden und 30 Minuten<\/p>\n<p><strong>Streckenkarte<br \/>\n<\/strong><strong><img loading=\"lazy\" decoding=\"async\" class=\"alignleft size-full wp-image-3787\" src=\"http:\/\/www.walkingmendrisio.ch\/wp-content\/uploads\/2025\/01\/Salorino-1.jpg\" alt=\"\" width=\"1080\" height=\"903\" srcset=\"https:\/\/www.walkingmendrisio.ch\/wp-content\/uploads\/2025\/01\/Salorino-1.jpg 1080w, https:\/\/www.walkingmendrisio.ch\/wp-content\/uploads\/2025\/01\/Salorino-1-300x251.jpg 300w, https:\/\/www.walkingmendrisio.ch\/wp-content\/uploads\/2025\/01\/Salorino-1-1024x856.jpg 1024w, https:\/\/www.walkingmendrisio.ch\/wp-content\/uploads\/2025\/01\/Salorino-1-768x642.jpg 768w, https:\/\/www.walkingmendrisio.ch\/wp-content\/uploads\/2025\/01\/Salorino-1-520x435.jpg 520w, https:\/\/www.walkingmendrisio.ch\/wp-content\/uploads\/2025\/01\/Salorino-1-740x619.jpg 740w\" sizes=\"(max-width: 1080px) 100vw, 1080px\" \/><\/strong><\/p>\n","protected":false},"excerpt":{"rendered":"<p><a class=\"read-more\" href=\"https:\/\/www.walkingmendrisio.ch\/?page_id=2452&#038;lang=de\">+ Info<\/a><\/p>\n","protected":false},"author":2,"featured_media":0,"parent":0,"menu_order":0,"comment_status":"closed","ping_status":"closed","template":"","meta":{"footnotes":""},"_links":{"self":[{"href":"https:\/\/www.walkingmendrisio.ch\/index.php?rest_route=\/wp\/v2\/pages\/2452"}],"collection":[{"href":"https:\/\/www.walkingmendrisio.ch\/index.php?rest_route=\/wp\/v2\/pages"}],"about":[{"href":"https:\/\/www.walkingmendrisio.ch\/index.php?rest_route=\/wp\/v2\/types\/page"}],"author":[{"embeddable":true,"href":"https:\/\/www.walkingmendrisio.ch\/index.php?rest_route=\/wp\/v2\/users\/2"}],"replies":[{"embeddable":true,"href":"https:\/\/www.walkingmendrisio.ch\/index.php?rest_route=%2Fwp%2Fv2%2Fcomments&post=2452"}],"version-history":[{"count":20,"href":"https:\/\/www.walkingmendrisio.ch\/index.php?rest_route=\/wp\/v2\/pages\/2452\/revisions"}],"predecessor-version":[{"id":3819,"href":"https:\/\/www.walkingmendrisio.ch\/index.php?rest_route=\/wp\/v2\/pages\/2452\/revisions\/3819"}],"wp:attachment":[{"href":"https:\/\/www.walkingmendrisio.ch\/index.php?rest_route=%2Fwp%2Fv2%2Fmedia&parent=2452"}],"curies":[{"name":"wp","href":"https:\/\/api.w.org\/{rel}","templated":true}]}}