{"id":422,"date":"2017-11-17T07:48:37","date_gmt":"2017-11-17T07:48:37","guid":{"rendered":"http:\/\/www2.walkinglugano.ch\/?page_id=422"},"modified":"2021-07-06T12:36:29","modified_gmt":"2021-07-06T12:36:29","slug":"infos","status":"publish","type":"page","link":"https:\/\/www.walkingmendrisio.ch\/?page_id=422&lang=de","title":{"rendered":"INFOS"},"content":{"rendered":"<p>BancaStato Walking Mendrisiotto ist eine volkst\u00fcmliche Veranstaltung, die Gesundheit, Bewegung und die Region um\u00a0 Mendrisio f\u00f6rdern m\u00f6chte.\u00a0 Der Event steht allen offen, unabh\u00e4ngig von Alter, Geschlecht und Trainingsniveau.<\/p>\n<p>Der Anlass bietet ein breites Angebot an nicht kompetitiven, f\u00fcr jedes Fitnesslevel eigneten Walking- und Nordic Walking-Strecken \u00fcber verschiedene Distanzen und mit unterschiedlichem Schwierigkeitsgrad, die durch die sch\u00f6nsten Regionen um Mendrisio f\u00fchren.<\/p>\n","protected":false},"excerpt":{"rendered":"<p><a class=\"read-more\" href=\"https:\/\/www.walkingmendrisio.ch\/?page_id=422&#038;lang=de\">+ Info<\/a><\/p>\n","protected":false},"author":2,"featured_media":0,"parent":0,"menu_order":0,"comment_status":"closed","ping_status":"closed","template":"","meta":{"footnotes":""},"_links":{"self":[{"href":"https:\/\/www.walkingmendrisio.ch\/index.php?rest_route=\/wp\/v2\/pages\/422"}],"collection":[{"href":"https:\/\/www.walkingmendrisio.ch\/index.php?rest_route=\/wp\/v2\/pages"}],"about":[{"href":"https:\/\/www.walkingmendrisio.ch\/index.php?rest_route=\/wp\/v2\/types\/page"}],"author":[{"embeddable":true,"href":"https:\/\/www.walkingmendrisio.ch\/index.php?rest_route=\/wp\/v2\/users\/2"}],"replies":[{"embeddable":true,"href":"https:\/\/www.walkingmendrisio.ch\/index.php?rest_route=%2Fwp%2Fv2%2Fcomments&post=422"}],"version-history":[{"count":9,"href":"https:\/\/www.walkingmendrisio.ch\/index.php?rest_route=\/wp\/v2\/pages\/422\/revisions"}],"predecessor-version":[{"id":2256,"href":"https:\/\/www.walkingmendrisio.ch\/index.php?rest_route=\/wp\/v2\/pages\/422\/revisions\/2256"}],"wp:attachment":[{"href":"https:\/\/www.walkingmendrisio.ch\/index.php?rest_route=%2Fwp%2Fv2%2Fmedia&parent=422"}],"curies":[{"name":"wp","href":"https:\/\/api.w.org\/{rel}","templated":true}]}}