{"id":426,"date":"2017-11-17T07:52:18","date_gmt":"2017-11-17T07:52:18","guid":{"rendered":"http:\/\/www2.walkinglugano.ch\/?page_id=426"},"modified":"2025-01-22T14:20:38","modified_gmt":"2025-01-22T14:20:38","slug":"anreise","status":"publish","type":"page","link":"https:\/\/www.walkingmendrisio.ch\/?page_id=426&lang=de","title":{"rendered":"Wie anreisen"},"content":{"rendered":"<p><strong>Village der Ausgabe 2025<\/strong><br \/>\nDas Village des Events befindet sich beim Veranstaltungszentrum Mercato Coperto in Mendrisio.<\/p>\n<p><strong><br \/>\nMit den \u00f6ffentlichen Verkehrsmitteln<br \/>\n<\/strong>Wir raten den Teilnehmenden, den Anlass mit den \u00f6ffentlichen Verkehrsmitteln zu besuchen. Im Startgeld inbegriffen ist eine in die Startnummer eingef\u00fcgte Tageskarte Arcobaleno (2. Klasse, alle Zonen, g\u00fcltig am Veranstaltungstag).<\/p>\n<p>Das Veranstaltungszentrum Mercato Coperto (Village\/ Start- und Zielbereich) liegt wenige Gehminuten vom SBB Bahnhof Mendrisio entfernt.<\/p>\n<p>Informationen und Fahrpl\u00e4ne:\u00a0<a href=\"http:\/\/www.arcobaleno.ch\/\" target=\"_blank\" rel=\"noopener noreferrer\">www.arcobaleno.ch\u00a0<\/a><\/p>\n<p><strong>\u00a0<\/strong><em>Partner f\u00fcr Mobilit\u00e4t:<\/em><\/p>\n<p><a href=\"https:\/\/arcobaleno.ch\/\" target=\"_blank\" rel=\"noopener noreferrer\"><img loading=\"lazy\" decoding=\"async\" class=\"alignnone wp-image-1714\" src=\"http:\/\/www.walkingmendrisio.ch\/wp-content\/uploads\/2017\/10\/arcobaleno_RGB.jpg\" sizes=\"(max-width: 296px) 100vw, 296px\" srcset=\"https:\/\/www.walkingmendrisio.ch\/wp-content\/uploads\/2017\/10\/arcobaleno_RGB.jpg 1701w, https:\/\/www.walkingmendrisio.ch\/wp-content\/uploads\/2017\/10\/arcobaleno_RGB-300x90.jpg 300w, https:\/\/www.walkingmendrisio.ch\/wp-content\/uploads\/2017\/10\/arcobaleno_RGB-768x230.jpg 768w, https:\/\/www.walkingmendrisio.ch\/wp-content\/uploads\/2017\/10\/arcobaleno_RGB-1024x307.jpg 1024w, https:\/\/www.walkingmendrisio.ch\/wp-content\/uploads\/2017\/10\/arcobaleno_RGB-520x156.jpg 520w, https:\/\/www.walkingmendrisio.ch\/wp-content\/uploads\/2017\/10\/arcobaleno_RGB-740x222.jpg 740w\" alt=\"\" width=\"296\" height=\"89\" \/><\/a><\/p>\n<p><strong><br \/>\nMit dem Auto<\/strong><\/p>\n<p>Nehmen Sie auf der Autobahn die Ausfahrt Mendrisio und folgen Sie der Beschilderung &#8220;Centro Manifestazioni Mercato Coperto&#8221; (via Campo Sportivo).<\/p>\n","protected":false},"excerpt":{"rendered":"<p><a class=\"read-more\" href=\"https:\/\/www.walkingmendrisio.ch\/?page_id=426&#038;lang=de\">+ Info<\/a><\/p>\n","protected":false},"author":2,"featured_media":0,"parent":422,"menu_order":0,"comment_status":"closed","ping_status":"closed","template":"","meta":{"footnotes":""},"_links":{"self":[{"href":"https:\/\/www.walkingmendrisio.ch\/index.php?rest_route=\/wp\/v2\/pages\/426"}],"collection":[{"href":"https:\/\/www.walkingmendrisio.ch\/index.php?rest_route=\/wp\/v2\/pages"}],"about":[{"href":"https:\/\/www.walkingmendrisio.ch\/index.php?rest_route=\/wp\/v2\/types\/page"}],"author":[{"embeddable":true,"href":"https:\/\/www.walkingmendrisio.ch\/index.php?rest_route=\/wp\/v2\/users\/2"}],"replies":[{"embeddable":true,"href":"https:\/\/www.walkingmendrisio.ch\/index.php?rest_route=%2Fwp%2Fv2%2Fcomments&post=426"}],"version-history":[{"count":14,"href":"https:\/\/www.walkingmendrisio.ch\/index.php?rest_route=\/wp\/v2\/pages\/426\/revisions"}],"predecessor-version":[{"id":3696,"href":"https:\/\/www.walkingmendrisio.ch\/index.php?rest_route=\/wp\/v2\/pages\/426\/revisions\/3696"}],"up":[{"embeddable":true,"href":"https:\/\/www.walkingmendrisio.ch\/index.php?rest_route=\/wp\/v2\/pages\/422"}],"wp:attachment":[{"href":"https:\/\/www.walkingmendrisio.ch\/index.php?rest_route=%2Fwp%2Fv2%2Fmedia&parent=426"}],"curies":[{"name":"wp","href":"https:\/\/api.w.org\/{rel}","templated":true}]}}