{"id":433,"date":"2017-11-17T07:57:41","date_gmt":"2017-11-17T07:57:41","guid":{"rendered":"http:\/\/www2.walkinglugano.ch\/?page_id=433"},"modified":"2025-01-22T14:21:34","modified_gmt":"2025-01-22T14:21:34","slug":"bilder","status":"publish","type":"page","link":"https:\/\/www.walkingmendrisio.ch\/?page_id=433&lang=de","title":{"rendered":"Medien und Bilder"},"content":{"rendered":"<h4><strong>FOTOS<\/strong><\/h4>\n<p>F\u00fcr offizielle Fotos und Informationen zur Veranstaltung wenden Sie sich bitte an<br \/>\n<strong><a href=\"mailto:info@walkingmendrisio.ch\" target=\"_blank\" rel=\"noopener noreferrer\">info@walkingmendrisio.ch<\/a><\/strong>.<\/p>\n<hr \/>\n<h4><strong>BILDER DER AUSGABE 2024<\/strong><\/h4>\n<p>Der offizielle FotoGarbani-Fotograf hat von allen Teilnehmern wundersch\u00f6ne Erinnerungsfotos gemacht, die k\u00e4uflich erworben werden k\u00f6nnen.<\/p>\n<ul>\n<li>Fotos der Ausgabe 2024 werden in den n\u00e4chsten Tagen unter folgendem\u00a0<strong><a href=\"https:\/\/fotovideo.fotogarbani.ch\/event\/it\/1\/15401.201727\/group\/object_name\">Link<\/a>\u00a0<\/strong>zu finden sein<\/li>\n<\/ul>\n<p><img loading=\"lazy\" decoding=\"async\" class=\"size-full wp-image-3121 alignnone\" src=\"http:\/\/www.walkingmendrisio.ch\/wp-content\/uploads\/2023\/04\/Progetto-senza-titolo.jpg\" sizes=\"(max-width: 1748px) 100vw, 1748px\" srcset=\"https:\/\/www.walkingmendrisio.ch\/wp-content\/uploads\/2023\/04\/Progetto-senza-titolo.jpg 1748w, https:\/\/www.walkingmendrisio.ch\/wp-content\/uploads\/2023\/04\/Progetto-senza-titolo-300x213.jpg 300w, https:\/\/www.walkingmendrisio.ch\/wp-content\/uploads\/2023\/04\/Progetto-senza-titolo-768x545.jpg 768w, https:\/\/www.walkingmendrisio.ch\/wp-content\/uploads\/2023\/04\/Progetto-senza-titolo-1024x726.jpg 1024w, https:\/\/www.walkingmendrisio.ch\/wp-content\/uploads\/2023\/04\/Progetto-senza-titolo-520x369.jpg 520w, https:\/\/www.walkingmendrisio.ch\/wp-content\/uploads\/2023\/04\/Progetto-senza-titolo-740x525.jpg 740w\" alt=\"\" width=\"1748\" height=\"1240\" \/><\/p>\n","protected":false},"excerpt":{"rendered":"<p><a class=\"read-more\" href=\"https:\/\/www.walkingmendrisio.ch\/?page_id=433&#038;lang=de\">+ Info<\/a><\/p>\n","protected":false},"author":2,"featured_media":0,"parent":422,"menu_order":0,"comment_status":"closed","ping_status":"closed","template":"","meta":{"footnotes":""},"_links":{"self":[{"href":"https:\/\/www.walkingmendrisio.ch\/index.php?rest_route=\/wp\/v2\/pages\/433"}],"collection":[{"href":"https:\/\/www.walkingmendrisio.ch\/index.php?rest_route=\/wp\/v2\/pages"}],"about":[{"href":"https:\/\/www.walkingmendrisio.ch\/index.php?rest_route=\/wp\/v2\/types\/page"}],"author":[{"embeddable":true,"href":"https:\/\/www.walkingmendrisio.ch\/index.php?rest_route=\/wp\/v2\/users\/2"}],"replies":[{"embeddable":true,"href":"https:\/\/www.walkingmendrisio.ch\/index.php?rest_route=%2Fwp%2Fv2%2Fcomments&post=433"}],"version-history":[{"count":16,"href":"https:\/\/www.walkingmendrisio.ch\/index.php?rest_route=\/wp\/v2\/pages\/433\/revisions"}],"predecessor-version":[{"id":3698,"href":"https:\/\/www.walkingmendrisio.ch\/index.php?rest_route=\/wp\/v2\/pages\/433\/revisions\/3698"}],"up":[{"embeddable":true,"href":"https:\/\/www.walkingmendrisio.ch\/index.php?rest_route=\/wp\/v2\/pages\/422"}],"wp:attachment":[{"href":"https:\/\/www.walkingmendrisio.ch\/index.php?rest_route=%2Fwp%2Fv2%2Fmedia&parent=433"}],"curies":[{"name":"wp","href":"https:\/\/api.w.org\/{rel}","templated":true}]}}