{"id":450,"date":"2017-11-17T08:10:27","date_gmt":"2017-11-17T08:10:27","guid":{"rendered":"http:\/\/www2.walkinglugano.ch\/?page_id=450"},"modified":"2026-02-02T14:21:26","modified_gmt":"2026-02-02T14:21:26","slug":"wie-melde-ich-mich-an","status":"publish","type":"page","link":"https:\/\/www.walkingmendrisio.ch\/?page_id=450&lang=de","title":{"rendered":"Wie anmelden?"},"content":{"rendered":"\n<p><em><strong><em><strong>&gt;&gt;&nbsp;Anmeldungen ge\u00f6ffnet<\/strong><\/em><\/strong><\/em><\/p>\n\n\n\n<p><em><strong>Information<\/strong>: Alle Startnummern m\u00fcssen vor Ort abgeholt werden (kein Versand per Post). Jeder Teilnehmer erh\u00e4lt per E-Mail die Arcobaleno-Tageskarte (2. Klasse, alle Gebiete des Tessins und des Moesano, g\u00fcltig am Tag der Veranstaltung).<\/em><\/p>\n\n\n\n<hr class=\"wp-block-separator has-alpha-channel-opacity\"\/>\n\n\n\n<h4 class=\"wp-block-heading\"><strong>ANMELDUNGEN<\/strong><\/h4>\n\n\n\n<p><strong>Online-Anmeldungen<\/strong><\/p>\n\n\n\n<ul>\n<li><a href=\"https:\/\/www.performance-timing.ch\/registration\/380378\" data-type=\"link\" data-id=\"https:\/\/www.performance-timing.ch\/registration\/380378\"><strong>Jetzt anmelden<\/strong><\/a><\/li>\n<\/ul>\n\n\n\n<p><br><strong>Anmeldung \u00fcber Biglietteria.ch<\/strong><\/p>\n\n\n\n<ul>\n<li><a href=\"https:\/\/biglietteria.ch\/evento\/bancastato-walking-mendrisiotto-2026-04-26-mendrisio\/7748\/detail\" target=\"_blank\" rel=\"noreferrer noopener\"><strong>Jetzt anmelden<\/strong><\/a><\/li>\n<\/ul>\n\n\n\n<p><strong><br>Anmeldungen f\u00fcr Gruppen<\/strong> <br>12.5% Rabatt ab 8 Teilnehmenden.<br>Bitte reichen Sie das Formular bis am 2. April 2026 ein.<\/p>\n\n\n\n<ul>\n<li><a href=\"https:\/\/www.walkingmendrisio.ch\/wp-content\/uploads\/2026\/02\/Gruppi_it-2026.xls\" target=\"_blank\" rel=\"noreferrer noopener\"><strong>Gruppen<\/strong>&#8211;<strong>Anmeldeformular<\/strong><\/a><\/li>\n<\/ul>\n\n\n\n<p><br><strong>Anmeldung f\u00fcr Familien<br><\/strong> 50% Rabatt f\u00fcr die ganze Familie mit dem Angebot \u201cFamily Ticket\u201d. Das Angebot gilt f\u00fcr max. 4 Personen, wovon mind. eine unter 18 Jahren und max. zwei Erwachsene (&gt; 18 Jahre).<br>Bitte reichen Sie das Formular bis am 2. April 2026 ein.<\/p>\n\n\n\n<ul>\n<li><a href=\"https:\/\/www.walkingmendrisio.ch\/wp-content\/uploads\/2026\/02\/Family_Ticket_it_2026.docx\" target=\"_blank\" rel=\"noreferrer noopener\"><strong>Family Ticket Anmeldeformular<\/strong><\/a><\/li>\n<\/ul>\n\n\n\n<p><strong><br>Anmeldungen vor Ort (+ CHF 7.-)<\/strong><\/p>\n\n\n\n<p>Beim Veranstaltungszentrum Mercato Coperto di Mendrisio:<\/p>\n\n\n\n<ul>\n<li>Samstag, 25. April 2026, von 14.30 bis 17.00 Uhr<\/li>\n\n\n\n<li>Sonntag, 26. April 2026, ab 8.00 Uhr<\/li>\n<\/ul>\n\n\n\n<p><\/p>\n\n\n\n<h4 class=\"wp-block-heading\"><strong>&nbsp;<\/strong><\/h4>\n","protected":false},"excerpt":{"rendered":"<p><a class=\"read-more\" href=\"https:\/\/www.walkingmendrisio.ch\/?page_id=450&#038;lang=de\">+ Info<\/a><\/p>\n","protected":false},"author":2,"featured_media":0,"parent":447,"menu_order":1,"comment_status":"closed","ping_status":"closed","template":"","meta":{"footnotes":""},"_links":{"self":[{"href":"https:\/\/www.walkingmendrisio.ch\/index.php?rest_route=\/wp\/v2\/pages\/450"}],"collection":[{"href":"https:\/\/www.walkingmendrisio.ch\/index.php?rest_route=\/wp\/v2\/pages"}],"about":[{"href":"https:\/\/www.walkingmendrisio.ch\/index.php?rest_route=\/wp\/v2\/types\/page"}],"author":[{"embeddable":true,"href":"https:\/\/www.walkingmendrisio.ch\/index.php?rest_route=\/wp\/v2\/users\/2"}],"replies":[{"embeddable":true,"href":"https:\/\/www.walkingmendrisio.ch\/index.php?rest_route=%2Fwp%2Fv2%2Fcomments&post=450"}],"version-history":[{"count":94,"href":"https:\/\/www.walkingmendrisio.ch\/index.php?rest_route=\/wp\/v2\/pages\/450\/revisions"}],"predecessor-version":[{"id":4009,"href":"https:\/\/www.walkingmendrisio.ch\/index.php?rest_route=\/wp\/v2\/pages\/450\/revisions\/4009"}],"up":[{"embeddable":true,"href":"https:\/\/www.walkingmendrisio.ch\/index.php?rest_route=\/wp\/v2\/pages\/447"}],"wp:attachment":[{"href":"https:\/\/www.walkingmendrisio.ch\/index.php?rest_route=%2Fwp%2Fv2%2Fmedia&parent=450"}],"curies":[{"name":"wp","href":"https:\/\/api.w.org\/{rel}","templated":true}]}}