{"id":456,"date":"2017-11-17T08:15:56","date_gmt":"2017-11-17T08:15:56","guid":{"rendered":"http:\/\/www2.walkinglugano.ch\/?page_id=456"},"modified":"2025-11-27T10:42:04","modified_gmt":"2025-11-27T10:42:04","slug":"startgeld-und-reglement","status":"publish","type":"page","link":"https:\/\/www.walkingmendrisio.ch\/?page_id=456&lang=de","title":{"rendered":"Reglement"},"content":{"rendered":"<p><em>Letzte Aktualisierung: 17. November 2025<\/em><\/p>\n<hr \/>\n<p><strong>Datum und Ort des Anlasses<\/strong><strong><br \/>\n<\/strong>Sonntag, 26. April 2026<br \/>\nVillage, Start und Ziel: Veranstaltungszentrum Mercato Coperto Mendrisio<\/p>\n<p><strong><br \/>\nAnmeldungen<\/strong><\/p>\n<ul>\n<li><strong><a href=\"https:\/\/www.walkingmendrisio.ch\/?page_id=450&amp;lang=de\" target=\"_blank\" rel=\"noopener\">mehr dazu<\/a><\/strong><\/li>\n<\/ul>\n<p><strong><br \/>\nVerhinderte Teilnahme<\/strong><br \/>\nKeine R\u00fcckerstattung des Startgeldes.<\/p>\n<p><strong><br \/>\nAnmeldeschluss<br \/>\n<\/strong><\/p>\n<ul>\n<li>2. April 2026: Gruppen und Familien<\/li>\n<li>12. April 2026: online (ohne Zuschlag)<\/li>\n<li>13. &#8211; 22. April 2026:\u00a0 online (+ 5 CHF.-)<\/li>\n<li>25. &#8211; 26. April 2026:\u00a0 vor Ort (+ CHF 7.-)<\/li>\n<\/ul>\n<p><strong><br \/>\nStartgeld (Online-Anmeldungen)<\/strong><\/p>\n<ul>\n<li><strong><a href=\"https:\/\/www.walkingmendrisio.ch\/?page_id=447&amp;lang=de\" target=\"_blank\" rel=\"noopener noreferrer\">mehr dazu<\/a><\/strong><\/li>\n<\/ul>\n<p><strong><br \/>\nIm Startgeld inbegriffen<\/strong><strong><br \/>\n<\/strong><\/p>\n<ul>\n<li><strong><a href=\"https:\/\/www.walkingmendrisio.ch\/?page_id=466&amp;lang=de\" target=\"_blank\" rel=\"noopener noreferrer\">mehr dazu<\/a><\/strong><\/li>\n<\/ul>\n<p><strong><br \/>\nStartnummern<\/strong><\/p>\n<p>Alle Startnummer sind vor Ort abzuholen.<br \/>\nTageskarte Arcobaleno: Jeder Teilnehmer erh\u00e4lt per E-Mail einen QR-Code, den er dem Ticketkontrolleur als Fahrkarte f\u00fcr den Tag der Veranstaltung vorzeigen muss.<\/p>\n<p><strong><br \/>\nStrecken Walking und Nordic Walking<\/strong><\/p>\n<ul>\n<li><a href=\"https:\/\/www.walkingmendrisio.ch\/?page_id=476&amp;lang=de\"><b>mehr dazu<\/b><\/a><\/li>\n<\/ul>\n<p><strong><br \/>\nKategorien<\/strong><\/p>\n<ul>\n<li>Walking<\/li>\n<li>Nordic Walking<\/li>\n<li>Walk&amp;Dog<\/li>\n<\/ul>\n<p><strong><br \/>\nStartzeiten<br \/>\n<\/strong><\/p>\n<ul>\n<li><strong><a href=\"https:\/\/www.walkingmendrisio.ch\/?page_id=512&amp;lang=de\" target=\"_blank\" rel=\"noopener noreferrer\">mehr dazu<\/a><\/strong><\/li>\n<\/ul>\n<p><strong><br \/>\nLaufzeiten<\/strong><br \/>\nAm Ende des Events sind alle Laufzeiten auf <strong><a href=\"http:\/\/www.walkingmendrisio.ch\/?lang=de\">www.walkingmendrisio.ch<\/a><\/strong> ersichtlich.<\/p>\n<p><strong>Garderoben<\/strong><br \/>\nSie befinden sich beim Stadion von Mendrisio, wenige Meter vom Veranstaltungszentrum Mercato Coperto entfernt.<\/p>\n<p><strong>Verpflegung<\/strong><br \/>\nEs sind Verpflegungsposten entlang der Strecken und am Ziel vorgesehen.<\/p>\n<p><strong>Zeitmessung<br \/>\n<\/strong>Mittels eines in die Startnummer integrierten Chip MySDAM.<\/p>\n<p><strong>Sanit\u00e4tsdienst<\/strong><br \/>\nAuf den Strecken und am Start \/ Ziel<\/p>\n<p><strong>Versicherung<\/strong><br \/>\nDie Versicherung geht zulasten der Teilnehmer. Die Veranstalter lehnen jegliche Haftung f\u00fcr Unf\u00e4lle, Schadenf\u00e4lle und Diebstahl ab.<\/p>\n<p><strong>Verwendung der pers\u00f6nlichen Daten<\/strong><br \/>\nDer Veranstalter beh\u00e4lt sich das Recht vor,\u00a0sofern Sie sich nicht schriftlich dagegen aussprechen, die im Verlauf der Veranstaltung gemachten Fotos im Internet zu ver\u00f6ffentlichen und die bei der Anmeldung gelieferten pers\u00f6nlichen Daten f\u00fcr Marketingzwecke (eigene und der Partner des Events) zu verwenden.<\/p>\n<p><strong>Verordnung<\/strong><br \/>\nEs ist verboten, entlang der Walking- und Nordic Walking-Strecken zu rennen. Die Veranstaltung ist kein Leistungswettbewerb. Das eigene Wohlbefinden und das der anderen Teilnehmer steht an erster Stelle. Der Organisator beh\u00e4lt sich das Recht vor, Zuwiderhandelnde von der Finisherliste zu streichen.<strong>\u00a0<\/strong><\/p>\n<p><strong>Absperrung f\u00fcr den Verkehr<\/strong><strong><br \/>\n<\/strong>Die Walking- und Nordic Walking-Strecken sind nur teilweise f\u00fcr den Verkehr gesperrt. Die Organisatoren und die Polizei bitten die Teilnehmenden, sich auf den Gehsteigen oder, wenn nicht vorhanden, auf der rechten Strassenseite fortzubewegen. Die Teilnehmenden sind in jedem Fall aufgefordert, den Art. 49 des Strassenverkehrsgesetzes f\u00fcr Fussg\u00e4nger zu befolgen. Die Organisatoren lehnen jede Verantwortung bei dessen Uebertretung ab.<\/p>\n","protected":false},"excerpt":{"rendered":"<p><a class=\"read-more\" href=\"https:\/\/www.walkingmendrisio.ch\/?page_id=456&#038;lang=de\">+ Info<\/a><\/p>\n","protected":false},"author":2,"featured_media":0,"parent":447,"menu_order":2,"comment_status":"closed","ping_status":"closed","template":"","meta":{"footnotes":""},"_links":{"self":[{"href":"https:\/\/www.walkingmendrisio.ch\/index.php?rest_route=\/wp\/v2\/pages\/456"}],"collection":[{"href":"https:\/\/www.walkingmendrisio.ch\/index.php?rest_route=\/wp\/v2\/pages"}],"about":[{"href":"https:\/\/www.walkingmendrisio.ch\/index.php?rest_route=\/wp\/v2\/types\/page"}],"author":[{"embeddable":true,"href":"https:\/\/www.walkingmendrisio.ch\/index.php?rest_route=\/wp\/v2\/users\/2"}],"replies":[{"embeddable":true,"href":"https:\/\/www.walkingmendrisio.ch\/index.php?rest_route=%2Fwp%2Fv2%2Fcomments&post=456"}],"version-history":[{"count":65,"href":"https:\/\/www.walkingmendrisio.ch\/index.php?rest_route=\/wp\/v2\/pages\/456\/revisions"}],"predecessor-version":[{"id":3972,"href":"https:\/\/www.walkingmendrisio.ch\/index.php?rest_route=\/wp\/v2\/pages\/456\/revisions\/3972"}],"up":[{"embeddable":true,"href":"https:\/\/www.walkingmendrisio.ch\/index.php?rest_route=\/wp\/v2\/pages\/447"}],"wp:attachment":[{"href":"https:\/\/www.walkingmendrisio.ch\/index.php?rest_route=%2Fwp%2Fv2%2Fmedia&parent=456"}],"curies":[{"name":"wp","href":"https:\/\/api.w.org\/{rel}","templated":true}]}}