{"id":476,"date":"2017-11-17T08:25:47","date_gmt":"2017-11-17T08:25:47","guid":{"rendered":"http:\/\/www2.walkinglugano.ch\/?page_id=476"},"modified":"2025-01-28T12:40:47","modified_gmt":"2025-01-28T12:40:47","slug":"strecken","status":"publish","type":"page","link":"https:\/\/www.walkingmendrisio.ch\/?page_id=476&lang=de","title":{"rendered":"STRECKEN"},"content":{"rendered":"<h4><strong>STRECKEN 2025<br \/>\n<\/strong><\/h4>\n<p>Anl\u00e4sslich des 10-j\u00e4hrigen Bestehens des BancaStato Walking Mendrisiotto bieten wir Ihnen als Revival die 3 wundersch\u00f6ne Strecken im Gr\u00fcnen der ersten Ausgabe von 2015 an.<\/p>\n<p><strong>Strecken<\/strong><\/p>\n<ul>\n<li><strong><a href=\"http:\/\/www.walkingmendrisio.ch\/?page_id=2441&amp;lang=de\">Famiglia &#8211; 3.6 km<\/a><\/strong><\/li>\n<li><strong><a href=\"http:\/\/www.walkingmendrisio.ch\/?page_id=2450&amp;lang=de\">Castello &#8211; 9.2 km<\/a><\/strong><\/li>\n<li><a href=\"http:\/\/www.walkingmendrisio.ch\/?page_id=2452&amp;lang=de\"><strong>Salorino &#8211; 12.1 km<\/strong><\/a><\/li>\n<\/ul>\n<p><strong><br \/>\nGPS Daten der Strecken f\u00fcrs Handy<br \/>\n<\/strong>F\u00fcr weitere Informationen dazu auf die jeweilige Strecke klicken.<\/p>\n<p><em>Die Strecke &#8220;Chiasso&#8221; mit Start in Chiasso ist nicht mehr vorgesehen.<\/em><\/p>\n","protected":false},"excerpt":{"rendered":"<p><a class=\"read-more\" href=\"https:\/\/www.walkingmendrisio.ch\/?page_id=476&#038;lang=de\">+ Info<\/a><\/p>\n","protected":false},"author":2,"featured_media":0,"parent":0,"menu_order":0,"comment_status":"closed","ping_status":"closed","template":"","meta":{"footnotes":""},"_links":{"self":[{"href":"https:\/\/www.walkingmendrisio.ch\/index.php?rest_route=\/wp\/v2\/pages\/476"}],"collection":[{"href":"https:\/\/www.walkingmendrisio.ch\/index.php?rest_route=\/wp\/v2\/pages"}],"about":[{"href":"https:\/\/www.walkingmendrisio.ch\/index.php?rest_route=\/wp\/v2\/types\/page"}],"author":[{"embeddable":true,"href":"https:\/\/www.walkingmendrisio.ch\/index.php?rest_route=\/wp\/v2\/users\/2"}],"replies":[{"embeddable":true,"href":"https:\/\/www.walkingmendrisio.ch\/index.php?rest_route=%2Fwp%2Fv2%2Fcomments&post=476"}],"version-history":[{"count":45,"href":"https:\/\/www.walkingmendrisio.ch\/index.php?rest_route=\/wp\/v2\/pages\/476\/revisions"}],"predecessor-version":[{"id":3757,"href":"https:\/\/www.walkingmendrisio.ch\/index.php?rest_route=\/wp\/v2\/pages\/476\/revisions\/3757"}],"wp:attachment":[{"href":"https:\/\/www.walkingmendrisio.ch\/index.php?rest_route=%2Fwp%2Fv2%2Fmedia&parent=476"}],"curies":[{"name":"wp","href":"https:\/\/api.w.org\/{rel}","templated":true}]}}